{"id":289591,"date":"2024-07-09T14:26:15","date_gmt":"2024-07-09T20:26:15","guid":{"rendered":"https:\/\/aubergedesgallant.com\/long-stay-discount\/"},"modified":"2026-04-29T09:45:06","modified_gmt":"2026-04-29T15:45:06","slug":"long-stay-discount","status":"publish","type":"page","link":"https:\/\/aubergedesgallant.com\/en\/long-stay-discount\/","title":{"rendered":"Long-stay promotion"},"content":{"rendered":"<p>[et_pb_section fb_built=&#8221;1&#8243; disabled_on=&#8221;off|off|off&#8221; admin_label=&#8221;Rooms&#8221; _builder_version=&#8221;4.20.4&#8243; _module_preset=&#8221;default&#8221; background_color=&#8221;#EBE4DD&#8221; min_height=&#8221;1220.8px&#8221; custom_margin=&#8221;||-14px|||&#8221; da_disable_devices=&#8221;off|off|off&#8221; locked=&#8221;off&#8221; global_colors_info=&#8221;{}&#8221; da_is_popup=&#8221;off&#8221; da_exit_intent=&#8221;off&#8221; da_has_close=&#8221;on&#8221; da_alt_close=&#8221;off&#8221; da_dark_close=&#8221;off&#8221; da_not_modal=&#8221;on&#8221; da_is_singular=&#8221;off&#8221; da_with_loader=&#8221;off&#8221; da_has_shadow=&#8221;on&#8221;][et_pb_row _builder_version=&#8221;4.18.0&#8243; _module_preset=&#8221;default&#8221; global_colors_info=&#8221;{}&#8221;][et_pb_column type=&#8221;4_4&#8243; _builder_version=&#8221;4.17.6&#8243; _module_preset=&#8221;default&#8221; global_colors_info=&#8221;{}&#8221;][et_pb_text _builder_version=&#8221;4.18.0&#8243; text_font=&#8221;||||||||&#8221; header_font=&#8221;||||||||&#8221; header_3_font=&#8221;Manrope|700||on|||||&#8221; header_3_text_color=&#8221;#323232&#8243; header_3_font_size=&#8221;14px&#8221; header_3_letter_spacing=&#8221;2px&#8221; header_3_line_height=&#8221;1.3em&#8221; background_size=&#8221;initial&#8221; background_position=&#8221;top_left&#8221; background_repeat=&#8221;repeat&#8221; module_alignment=&#8221;center&#8221; custom_margin=&#8221;||-3px|||&#8221; custom_padding=&#8221;|||&#8221; animation_style=&#8221;slide&#8221; animation_direction=&#8221;bottom&#8221; saved_tabs=&#8221;all&#8221; locked=&#8221;off&#8221; global_colors_info=&#8221;{}&#8221; text_letter_spacing__hover=&#8221;0px&#8221; text_letter_spacing__hover_enabled=&#8221;0px&#8221; text_line_height__hover=&#8221;1.7em&#8221; text_line_height__hover_enabled=&#8221;1.7em&#8221; text_orientation__hover=&#8221;left&#8221; text_orientation__hover_enabled=&#8221;left&#8221; text_font_size__hover=&#8221;14px&#8221; text_font_size__hover_enabled=&#8221;14px&#8221; text_text_shadow_style__hover=&#8221;none&#8221; text_text_shadow_style__hover_enabled=&#8221;none&#8221; text_text_shadow_color__hover=&#8221;rgba(0,0,0,0.4)&#8221; text_text_shadow_color__hover_enabled=&#8221;rgba(0,0,0,0.4)&#8221; link_font_size__hover=&#8221;14px&#8221; link_font_size__hover_enabled=&#8221;14px&#8221; link_letter_spacing__hover=&#8221;0px&#8221; link_letter_spacing__hover_enabled=&#8221;0px&#8221; link_line_height__hover=&#8221;1em&#8221; link_line_height__hover_enabled=&#8221;1em&#8221; link_text_shadow_style__hover=&#8221;none&#8221; link_text_shadow_style__hover_enabled=&#8221;none&#8221; link_text_shadow_color__hover=&#8221;rgba(0,0,0,0.4)&#8221; link_text_shadow_color__hover_enabled=&#8221;rgba(0,0,0,0.4)&#8221; ul_font_size__hover=&#8221;14px&#8221; ul_font_size__hover_enabled=&#8221;14px&#8221; ul_letter_spacing__hover=&#8221;0px&#8221; ul_letter_spacing__hover_enabled=&#8221;0px&#8221; ul_line_height__hover=&#8221;1em&#8221; ul_line_height__hover_enabled=&#8221;1em&#8221; ul_text_shadow_style__hover=&#8221;none&#8221; ul_text_shadow_style__hover_enabled=&#8221;none&#8221; ul_text_shadow_color__hover=&#8221;rgba(0,0,0,0.4)&#8221; ul_text_shadow_color__hover_enabled=&#8221;rgba(0,0,0,0.4)&#8221; ol_font_size__hover=&#8221;14px&#8221; ol_font_size__hover_enabled=&#8221;14px&#8221; ol_letter_spacing__hover=&#8221;0px&#8221; ol_letter_spacing__hover_enabled=&#8221;0px&#8221; ol_line_height__hover=&#8221;1em&#8221; ol_line_height__hover_enabled=&#8221;1em&#8221; ol_text_shadow_style__hover=&#8221;none&#8221; ol_text_shadow_style__hover_enabled=&#8221;none&#8221; ol_text_shadow_color__hover=&#8221;rgba(0,0,0,0.4)&#8221; ol_text_shadow_color__hover_enabled=&#8221;rgba(0,0,0,0.4)&#8221; quote_font_size__hover=&#8221;14px&#8221; quote_font_size__hover_enabled=&#8221;14px&#8221; quote_letter_spacing__hover=&#8221;0px&#8221; quote_letter_spacing__hover_enabled=&#8221;0px&#8221; quote_line_height__hover=&#8221;1em&#8221; quote_line_height__hover_enabled=&#8221;1em&#8221; quote_text_shadow_style__hover=&#8221;none&#8221; quote_text_shadow_style__hover_enabled=&#8221;none&#8221; quote_text_shadow_color__hover=&#8221;rgba(0,0,0,0.4)&#8221; quote_text_shadow_color__hover_enabled=&#8221;rgba(0,0,0,0.4)&#8221; background_layout__hover=&#8221;light&#8221; background_layout__hover_enabled=&#8221;light&#8221;]<\/p>\n<h3>Package<\/h3>\n<p>[\/et_pb_text][et_pb_divider color=&#8221;#e8b492&#8243; divider_weight=&#8221;5px&#8221; _builder_version=&#8221;4.18.0&#8243; _module_preset=&#8221;default&#8221; width=&#8221;6%&#8221; custom_margin=&#8221;||-8px|||&#8221; locked=&#8221;off&#8221; global_colors_info=&#8221;{}&#8221;][\/et_pb_divider][et_pb_text _builder_version=&#8221;4.23&#8243; _module_preset=&#8221;b327cbe4-b1d5-4b66-ad37-40c8f2f061ba&#8221; header_2_font=&#8221;Playfair Display|700|||||||&#8221; header_2_text_color=&#8221;#000000&#8243; header_2_font_size=&#8221;50px&#8221; header_2_line_height=&#8221;1.2em&#8221; min_height=&#8221;62px&#8221; header_2_font_size_tablet=&#8221;32px&#8221; header_2_font_size_phone=&#8221;20px&#8221; header_2_font_size_last_edited=&#8221;on|desktop&#8221; global_colors_info=&#8221;{}&#8221;]<\/p>\n<h2><strong>Long-stay offer<\/strong><\/h2>\n<p>[\/et_pb_text][et_pb_text _builder_version=&#8221;4.23&#8243; _module_preset=&#8221;1f09816e-184e-4ce5-a4cf-b39c52c423ca&#8221; text_font=&#8221;Manrope||||||||&#8221; text_text_color=&#8221;#666666&#8243; text_font_size=&#8221;18px&#8221; text_line_height=&#8221;1.8em&#8221; link_text_color=&#8221;#666666&#8243; text_font_size_tablet=&#8221;15px&#8221; text_font_size_phone=&#8221;14px&#8221; text_font_size_last_edited=&#8221;on|phone&#8221; header_font_size_tablet=&#8221;55px&#8221; header_font_size_last_edited=&#8221;off|desktop&#8221; global_colors_info=&#8221;{}&#8221;]<\/p>\n<p class=\"text-align-left font-scale-6 line-height-scale-4\" data-pm-slice=\"1 1 []\" style=\"text-align: left;\"><strong><span>Save 20% on your stay of two days or more at Auberge des Gallant  <\/span><\/strong><\/p>\n<p><strong> <\/strong><\/p>\n<p><strong><span>Take advantage of our reduced rates* for an extended stay and immerse yourself in the tranquility of the Auberge des Gallant. Discover our elegant rooms, relaxing spa and refined cuisine. Book now for an unforgettable getaway!<\/p>\n<p>Offer valid for bookings of two nights or more.<\/span><br \/><\/strong><\/p>\n<p>[\/et_pb_text][dsm_icon_list _builder_version=&#8221;4.25.2&#8243; _module_preset=&#8221;default&#8221; locked=&#8221;off&#8221; global_colors_info=&#8221;{}&#8221;][dsm_icon_list_child text=&#8221;*Weekends subject to availability&#8221; font_icon=&#8221;&#x4e;||divi||400&#8243; icon_color=&#8221;#E09900&#8243; _builder_version=&#8221;4.25.2&#8243; _module_preset=&#8221;default&#8221; text_font=&#8221;Manrope|700|||||||&#8221; text_text_color=&#8221;#323232&#8243; text_font_size=&#8221;17px&#8221; background_color=&#8221;RGBA(255,255,255,0)&#8221; background_enable_color=&#8221;on&#8221; global_colors_info=&#8221;{}&#8221;][\/dsm_icon_list_child][dsm_icon_list_child text=&#8221;*Discount valid for accommodation&#8221; font_icon=&#8221;&#x4e;||divi||400&#8243; icon_color=&#8221;#E09900&#8243; _builder_version=&#8221;4.25.2&#8243; _module_preset=&#8221;default&#8221; text_font=&#8221;Manrope|700|||||||&#8221; text_text_color=&#8221;#323232&#8243; text_font_size=&#8221;17px&#8221; background_color=&#8221;RGBA(255,255,255,0)&#8221; background_enable_color=&#8221;on&#8221; global_colors_info=&#8221;{}&#8221;][\/dsm_icon_list_child][dsm_icon_list_child text=&#8221;Access to 4-season spas and outdoor fireplaces&#8221; font_icon=&#8221;&#x4e;||divi||400&#8243; icon_color=&#8221;#E09900&#8243; _builder_version=&#8221;4.20.4&#8243; _module_preset=&#8221;default&#8221; text_font=&#8221;Manrope|700|||||||&#8221; text_text_color=&#8221;#323232&#8243; text_font_size=&#8221;17px&#8221; background_color=&#8221;RGBA(255,255,255,0)&#8221; background_enable_color=&#8221;on&#8221; global_colors_info=&#8221;{}&#8221;][\/dsm_icon_list_child][dsm_icon_list_child text=&#8221;Access to heated outdoor pool from May to September&#8221; font_icon=&#8221;&#x4e;||divi||400&#8243; icon_color=&#8221;#E09900&#8243; _builder_version=&#8221;4.20.4&#8243; _module_preset=&#8221;default&#8221; text_font=&#8221;Manrope|700|||||||&#8221; text_text_color=&#8221;#323232&#8243; text_font_size=&#8221;17px&#8221; background_color=&#8221;RGBA(255,255,255,0)&#8221; background_enable_color=&#8221;on&#8221; global_colors_info=&#8221;{}&#8221;][\/dsm_icon_list_child][dsm_icon_list_child text=&#8221;Access to the Inn&#8217;s gardens and paths  &#8221; font_icon=&#8221;&#x4e;||divi||400&#8243; icon_color=&#8221;#E09900&#8243; _builder_version=&#8221;4.20.4&#8243; _module_preset=&#8221;default&#8221; text_font=&#8221;Manrope|700|||||||&#8221; text_text_color=&#8221;#323232&#8243; text_font_size=&#8221;17px&#8221; background_color=&#8221;RGBA(255,255,255,0)&#8221; background_enable_color=&#8221;on&#8221; global_colors_info=&#8221;{}&#8221;][\/dsm_icon_list_child][dsm_icon_list_child text=&#8221;Access to Escapade trails&#8221; font_icon=&#8221;&#x4e;||divi||400&#8243; icon_color=&#8221;#E09900&#8243; _builder_version=&#8221;4.20.4&#8243; _module_preset=&#8221;default&#8221; text_font=&#8221;Manrope|700|||||||&#8221; text_text_color=&#8221;#323232&#8243; text_font_size=&#8221;17px&#8221; background_color=&#8221;RGBA(255,255,255,0)&#8221; background_enable_color=&#8221;on&#8221; global_colors_info=&#8221;{}&#8221;][\/dsm_icon_list_child][dsm_icon_list_child text=&#8221;Indoor playroom&#8221; font_icon=&#8221;&#x4e;||divi||400&#8243; icon_color=&#8221;#E09900&#8243; _builder_version=&#8221;4.20.4&#8243; _module_preset=&#8221;default&#8221; text_font=&#8221;Manrope|700|||||||&#8221; text_text_color=&#8221;#323232&#8243; text_font_size=&#8221;17px&#8221; background_color=&#8221;RGBA(255,255,255,0)&#8221; background_enable_color=&#8221;on&#8221; global_colors_info=&#8221;{}&#8221;][\/dsm_icon_list_child][dsm_icon_list_child text=&#8221;Free parking&#8221; font_icon=&#8221;&#x4e;||divi||400&#8243; icon_color=&#8221;#E09900&#8243; _builder_version=&#8221;4.20.4&#8243; _module_preset=&#8221;default&#8221; text_font=&#8221;Manrope|700|||||||&#8221; text_text_color=&#8221;#323232&#8243; text_font_size=&#8221;17px&#8221; background_color=&#8221;RGBA(255,255,255,0)&#8221; background_enable_color=&#8221;on&#8221; global_colors_info=&#8221;{}&#8221;][\/dsm_icon_list_child][dsm_icon_list_child text=&#8221;Free Internet access&#8221; font_icon=&#8221;&#x4e;||divi||400&#8243; icon_color=&#8221;#E09900&#8243; _builder_version=&#8221;4.20.4&#8243; _module_preset=&#8221;default&#8221; text_font=&#8221;Manrope|700|||||||&#8221; text_text_color=&#8221;#323232&#8243; text_font_size=&#8221;17px&#8221; background_color=&#8221;RGBA(255,255,255,0)&#8221; background_enable_color=&#8221;on&#8221; global_colors_info=&#8221;{}&#8221;][\/dsm_icon_list_child][\/dsm_icon_list][\/et_pb_column][\/et_pb_row][et_pb_row column_structure=&#8221;1_3,1_3,1_3&#8243; _builder_version=&#8221;4.17.6&#8243; _module_preset=&#8221;default&#8221; locked=&#8221;off&#8221; global_colors_info=&#8221;{}&#8221;][et_pb_column type=&#8221;1_3&#8243; _builder_version=&#8221;4.17.6&#8243; _module_preset=&#8221;default&#8221; global_colors_info=&#8221;{}&#8221;][et_pb_image src=&#8221;https:\/\/aubergedesgallant.com\/wp-content\/uploads\/2025\/11\/20211129_110324.jpg&#8221; title_text=&#8221;20211129_110324&#8243; _builder_version=&#8221;4.25.2&#8243; _module_preset=&#8221;default&#8221; custom_margin=&#8221;|-11vw|||false|false&#8221; global_colors_info=&#8221;{}&#8221;][\/et_pb_image][et_pb_text _builder_version=&#8221;4.25.2&#8243; text_font=&#8221;Manrope|700|||||||&#8221; text_text_color=&#8221;#29292d&#8221; text_font_size=&#8221;55px&#8221; text_line_height=&#8221;1.4em&#8221; header_font=&#8221;Poppins||||||||&#8221; header_4_font=&#8221;Poppins||||||||&#8221; header_4_text_color=&#8221;#29292d&#8221; header_5_font=&#8221;Poppins||||||||&#8221; header_5_text_color=&#8221;#29292d&#8221; header_5_font_size=&#8221;14px&#8221; header_5_line_height=&#8221;1.4em&#8221; custom_padding=&#8221;|0px||||&#8221; locked=&#8221;off&#8221; global_colors_info=&#8221;{}&#8221; button_bg_color__hover_enabled=&#8221;on|desktop&#8221; button_bg_color__hover=&#8221;#29292d&#8221;]<\/p>\n<h5>Rates for double occupancy<\/h5>\n<h4><strong>Per night from<\/strong><\/h4>\n<p><span>167,00$<\/span><\/p>\n<p>[\/et_pb_text][\/et_pb_column][et_pb_column type=&#8221;1_3&#8243; _builder_version=&#8221;4.17.6&#8243; _module_preset=&#8221;default&#8221; custom_padding=&#8221;10%||||false|false&#8221; global_colors_info=&#8221;{}&#8221;][et_pb_image src=&#8221;https:\/\/aubergedesgallant.com\/wp-content\/uploads\/2025\/11\/1S3A0229.jpg&#8221; title_text=&#8221;1S3A0229&#8243; _builder_version=&#8221;4.25.2&#8243; _module_preset=&#8221;default&#8221; box_shadow_style=&#8221;preset1&#8243; global_colors_info=&#8221;{}&#8221;][\/et_pb_image][\/et_pb_column][et_pb_column type=&#8221;1_3&#8243; _builder_version=&#8221;4.25.2&#8243; _module_preset=&#8221;default&#8221; global_colors_info=&#8221;{}&#8221;][et_pb_image src=&#8221;https:\/\/aubergedesgallant.com\/wp-content\/uploads\/2025\/11\/SPA_Auberge_Gallant_hiver-3.jpg&#8221; title_text=&#8221;SPA_Auberge_Gallant_hiver-3&#8243; _builder_version=&#8221;4.25.2&#8243; _module_preset=&#8221;default&#8221; global_colors_info=&#8221;{}&#8221;][\/et_pb_image][et_pb_button button_url=&#8221;https:\/\/secure.reservit.com\/fo\/booking\/58\/473554?specialMode=default&#038;langcode=EN&#038;custid=58&#038;ratecustid=58&#038;_ga=GA1.1.958905812.1775487275&#038;hotelid=473554&#038;m=booking&#038;rateid=4198918&#8243; button_text=&#8221;Book this offer&#8221; button_alignment=&#8221;center&#8221; _builder_version=&#8221;4.25.2&#8243; _module_preset=&#8221;default&#8221; custom_button=&#8221;on&#8221; button_text_size=&#8221;24px&#8221; button_text_color=&#8221;#FFFFFF&#8221; button_bg_color=&#8221;#29292d&#8221; button_border_width=&#8221;2px&#8221; button_border_color=&#8221;RGBA(255,255,255,0)&#8221; button_border_radius=&#8221;5px&#8221; button_font=&#8221;Manrope||||||||&#8221; custom_margin=&#8221;1px||||false|false&#8221; hover_enabled=&#8221;0&#8243; locked=&#8221;off&#8221; global_colors_info=&#8221;{}&#8221; button_bg_color__hover_enabled=&#8221;on|desktop&#8221; button_bg_color__hover=&#8221;#29292d&#8221; sticky_enabled=&#8221;0&#8243;][\/et_pb_button][\/et_pb_column][\/et_pb_row][\/et_pb_section]<\/p>\n","protected":false},"excerpt":{"rendered":"<p>PackageLong-stay offerSave 20% on your stay of two days or more at Auberge des Gallant Take advantage of our reduced rates* for an extended stay and immerse yourself in the tranquility of the Auberge des Gallant. Discover our elegant rooms, relaxing spa and refined cuisine. Book now for an unforgettable getaway!Offer valid for bookings of [&hellip;]<\/p>\n","protected":false},"author":5,"featured_media":0,"parent":0,"menu_order":0,"comment_status":"closed","ping_status":"closed","template":"","meta":{"_et_pb_use_builder":"on","_et_pb_old_content":"","_et_gb_content_width":"","footnotes":""},"yoast_head":"<!-- This site is optimized with the Yoast SEO plugin v22.8 - https:\/\/yoast.com\/wordpress\/plugins\/seo\/ -->\n<title>Long-stay promotion - Auberge des Gallant<\/title>\n<meta name=\"description\" content=\"Stay 2 nights or more and save 20% on weekdays! | Hotel | Mont\u00e9r\u00e9gie\" \/>\n<meta name=\"robots\" content=\"index, follow, max-snippet:-1, max-image-preview:large, max-video-preview:-1\" \/>\n<link rel=\"canonical\" href=\"https:\/\/aubergedesgallant.com\/en\/long-stay-discount\/\" \/>\n<meta property=\"og:locale\" content=\"en_US\" \/>\n<meta property=\"og:type\" content=\"article\" \/>\n<meta property=\"og:title\" content=\"Long-stay promotion - Auberge des Gallant\" \/>\n<meta property=\"og:description\" content=\"Stay 2 nights or more and save 20% on weekdays! | Hotel | Mont\u00e9r\u00e9gie\" \/>\n<meta property=\"og:url\" content=\"https:\/\/aubergedesgallant.com\/en\/long-stay-discount\/\" \/>\n<meta property=\"og:site_name\" content=\"Auberge des Gallant\" \/>\n<meta property=\"article:modified_time\" content=\"2026-04-29T15:45:06+00:00\" \/>\n<meta name=\"twitter:card\" content=\"summary_large_image\" \/>\n<meta name=\"twitter:label1\" content=\"Est. reading time\" \/>\n\t<meta name=\"twitter:data1\" content=\"7 minutes\" \/>\n<script type=\"application\/ld+json\" class=\"yoast-schema-graph\">{\"@context\":\"https:\/\/schema.org\",\"@graph\":[{\"@type\":\"WebPage\",\"@id\":\"https:\/\/aubergedesgallant.com\/en\/long-stay-discount\/\",\"url\":\"https:\/\/aubergedesgallant.com\/en\/long-stay-discount\/\",\"name\":\"Long-stay promotion - Auberge des Gallant\",\"isPartOf\":{\"@id\":\"https:\/\/aubergedesgallant.com\/en\/#website\"},\"datePublished\":\"2024-07-09T20:26:15+00:00\",\"dateModified\":\"2026-04-29T15:45:06+00:00\",\"description\":\"Stay 2 nights or more and save 20% on weekdays! | Hotel | Mont\u00e9r\u00e9gie\",\"breadcrumb\":{\"@id\":\"https:\/\/aubergedesgallant.com\/en\/long-stay-discount\/#breadcrumb\"},\"inLanguage\":\"en-US\",\"potentialAction\":[{\"@type\":\"ReadAction\",\"target\":[\"https:\/\/aubergedesgallant.com\/en\/long-stay-discount\/\"]}]},{\"@type\":\"BreadcrumbList\",\"@id\":\"https:\/\/aubergedesgallant.com\/en\/long-stay-discount\/#breadcrumb\",\"itemListElement\":[{\"@type\":\"ListItem\",\"position\":1,\"name\":\"Accueil\",\"item\":\"https:\/\/aubergedesgallant.com\/en\/\"},{\"@type\":\"ListItem\",\"position\":2,\"name\":\"Long-stay promotion\"}]},{\"@type\":\"WebSite\",\"@id\":\"https:\/\/aubergedesgallant.com\/en\/#website\",\"url\":\"https:\/\/aubergedesgallant.com\/en\/\",\"name\":\"Auberge des Gallant\",\"description\":\"La destination par excellence pour une exp\u00e9rience tout en confort en pleine nature. Nous vous promettons une escapade m\u00e9morable quel que soit la raison de votre s\u00e9jour.\",\"potentialAction\":[{\"@type\":\"SearchAction\",\"target\":{\"@type\":\"EntryPoint\",\"urlTemplate\":\"https:\/\/aubergedesgallant.com\/en\/?s={search_term_string}\"},\"query-input\":\"required name=search_term_string\"}],\"inLanguage\":\"en-US\"}]}<\/script>\n<!-- \/ Yoast SEO plugin. -->","yoast_head_json":{"title":"Long-stay promotion - Auberge des Gallant","description":"Stay 2 nights or more and save 20% on weekdays! | Hotel | Mont\u00e9r\u00e9gie","robots":{"index":"index","follow":"follow","max-snippet":"max-snippet:-1","max-image-preview":"max-image-preview:large","max-video-preview":"max-video-preview:-1"},"canonical":"https:\/\/aubergedesgallant.com\/en\/long-stay-discount\/","og_locale":"en_US","og_type":"article","og_title":"Long-stay promotion - Auberge des Gallant","og_description":"Stay 2 nights or more and save 20% on weekdays! | Hotel | Mont\u00e9r\u00e9gie","og_url":"https:\/\/aubergedesgallant.com\/en\/long-stay-discount\/","og_site_name":"Auberge des Gallant","article_modified_time":"2026-04-29T15:45:06+00:00","twitter_card":"summary_large_image","twitter_misc":{"Est. reading time":"7 minutes"},"schema":{"@context":"https:\/\/schema.org","@graph":[{"@type":"WebPage","@id":"https:\/\/aubergedesgallant.com\/en\/long-stay-discount\/","url":"https:\/\/aubergedesgallant.com\/en\/long-stay-discount\/","name":"Long-stay promotion - Auberge des Gallant","isPartOf":{"@id":"https:\/\/aubergedesgallant.com\/en\/#website"},"datePublished":"2024-07-09T20:26:15+00:00","dateModified":"2026-04-29T15:45:06+00:00","description":"Stay 2 nights or more and save 20% on weekdays! | Hotel | Mont\u00e9r\u00e9gie","breadcrumb":{"@id":"https:\/\/aubergedesgallant.com\/en\/long-stay-discount\/#breadcrumb"},"inLanguage":"en-US","potentialAction":[{"@type":"ReadAction","target":["https:\/\/aubergedesgallant.com\/en\/long-stay-discount\/"]}]},{"@type":"BreadcrumbList","@id":"https:\/\/aubergedesgallant.com\/en\/long-stay-discount\/#breadcrumb","itemListElement":[{"@type":"ListItem","position":1,"name":"Accueil","item":"https:\/\/aubergedesgallant.com\/en\/"},{"@type":"ListItem","position":2,"name":"Long-stay promotion"}]},{"@type":"WebSite","@id":"https:\/\/aubergedesgallant.com\/en\/#website","url":"https:\/\/aubergedesgallant.com\/en\/","name":"Auberge des Gallant","description":"La destination par excellence pour une exp\u00e9rience tout en confort en pleine nature. Nous vous promettons une escapade m\u00e9morable quel que soit la raison de votre s\u00e9jour.","potentialAction":[{"@type":"SearchAction","target":{"@type":"EntryPoint","urlTemplate":"https:\/\/aubergedesgallant.com\/en\/?s={search_term_string}"},"query-input":"required name=search_term_string"}],"inLanguage":"en-US"}]}},"_links":{"self":[{"href":"https:\/\/aubergedesgallant.com\/en\/wp-json\/wp\/v2\/pages\/289591"}],"collection":[{"href":"https:\/\/aubergedesgallant.com\/en\/wp-json\/wp\/v2\/pages"}],"about":[{"href":"https:\/\/aubergedesgallant.com\/en\/wp-json\/wp\/v2\/types\/page"}],"author":[{"embeddable":true,"href":"https:\/\/aubergedesgallant.com\/en\/wp-json\/wp\/v2\/users\/5"}],"replies":[{"embeddable":true,"href":"https:\/\/aubergedesgallant.com\/en\/wp-json\/wp\/v2\/comments?post=289591"}],"version-history":[{"count":16,"href":"https:\/\/aubergedesgallant.com\/en\/wp-json\/wp\/v2\/pages\/289591\/revisions"}],"predecessor-version":[{"id":290748,"href":"https:\/\/aubergedesgallant.com\/en\/wp-json\/wp\/v2\/pages\/289591\/revisions\/290748"}],"wp:attachment":[{"href":"https:\/\/aubergedesgallant.com\/en\/wp-json\/wp\/v2\/media?parent=289591"}],"curies":[{"name":"wp","href":"https:\/\/api.w.org\/{rel}","templated":true}]}}