{"id":289613,"date":"2024-07-11T19:00:24","date_gmt":"2024-07-12T01:00:24","guid":{"rendered":"https:\/\/aubergedesgallant.com\/summer-getaway\/"},"modified":"2024-07-13T19:08:50","modified_gmt":"2024-07-14T01:08:50","slug":"summer-getaway","status":"publish","type":"page","link":"https:\/\/aubergedesgallant.com\/en\/summer-getaway\/","title":{"rendered":"Summer getaway"},"content":{"rendered":"<p>[et_pb_section fb_built=&#8221;1&#8243; disabled_on=&#8221;off|off|off&#8221; admin_label=&#8221;Rooms&#8221; _builder_version=&#8221;4.20.4&#8243; _module_preset=&#8221;default&#8221; background_color=&#8221;#EBE4DD&#8221; min_height=&#8221;1220.8px&#8221; custom_margin=&#8221;||-14px|||&#8221; da_disable_devices=&#8221;off|off|off&#8221; locked=&#8221;off&#8221; global_colors_info=&#8221;{}&#8221; da_is_popup=&#8221;off&#8221; da_exit_intent=&#8221;off&#8221; da_has_close=&#8221;on&#8221; da_alt_close=&#8221;off&#8221; da_dark_close=&#8221;off&#8221; da_not_modal=&#8221;on&#8221; da_is_singular=&#8221;off&#8221; da_with_loader=&#8221;off&#8221; da_has_shadow=&#8221;on&#8221;][et_pb_row _builder_version=&#8221;4.18.0&#8243; _module_preset=&#8221;default&#8221; global_colors_info=&#8221;{}&#8221;][et_pb_column type=&#8221;4_4&#8243; _builder_version=&#8221;4.17.6&#8243; _module_preset=&#8221;default&#8221; global_colors_info=&#8221;{}&#8221;][et_pb_text _builder_version=&#8221;4.18.0&#8243; text_font=&#8221;||||||||&#8221; header_font=&#8221;||||||||&#8221; header_3_font=&#8221;Manrope|700||on|||||&#8221; header_3_text_color=&#8221;#323232&#8243; header_3_font_size=&#8221;14px&#8221; header_3_letter_spacing=&#8221;2px&#8221; header_3_line_height=&#8221;1.3em&#8221; background_size=&#8221;initial&#8221; background_position=&#8221;top_left&#8221; background_repeat=&#8221;repeat&#8221; module_alignment=&#8221;center&#8221; custom_margin=&#8221;||-3px|||&#8221; custom_padding=&#8221;|||&#8221; animation_style=&#8221;slide&#8221; animation_direction=&#8221;bottom&#8221; saved_tabs=&#8221;all&#8221; locked=&#8221;off&#8221; global_colors_info=&#8221;{}&#8221; text_letter_spacing__hover=&#8221;0px&#8221; text_letter_spacing__hover_enabled=&#8221;0px&#8221; text_line_height__hover=&#8221;1.7em&#8221; text_line_height__hover_enabled=&#8221;1.7em&#8221; text_orientation__hover=&#8221;left&#8221; text_orientation__hover_enabled=&#8221;left&#8221; text_font_size__hover=&#8221;14px&#8221; text_font_size__hover_enabled=&#8221;14px&#8221; text_text_shadow_style__hover=&#8221;none&#8221; text_text_shadow_style__hover_enabled=&#8221;none&#8221; text_text_shadow_color__hover=&#8221;rgba(0,0,0,0.4)&#8221; text_text_shadow_color__hover_enabled=&#8221;rgba(0,0,0,0.4)&#8221; link_font_size__hover=&#8221;14px&#8221; link_font_size__hover_enabled=&#8221;14px&#8221; link_letter_spacing__hover=&#8221;0px&#8221; link_letter_spacing__hover_enabled=&#8221;0px&#8221; link_line_height__hover=&#8221;1em&#8221; link_line_height__hover_enabled=&#8221;1em&#8221; link_text_shadow_style__hover=&#8221;none&#8221; link_text_shadow_style__hover_enabled=&#8221;none&#8221; link_text_shadow_color__hover=&#8221;rgba(0,0,0,0.4)&#8221; link_text_shadow_color__hover_enabled=&#8221;rgba(0,0,0,0.4)&#8221; ul_font_size__hover=&#8221;14px&#8221; ul_font_size__hover_enabled=&#8221;14px&#8221; ul_letter_spacing__hover=&#8221;0px&#8221; ul_letter_spacing__hover_enabled=&#8221;0px&#8221; ul_line_height__hover=&#8221;1em&#8221; ul_line_height__hover_enabled=&#8221;1em&#8221; ul_text_shadow_style__hover=&#8221;none&#8221; ul_text_shadow_style__hover_enabled=&#8221;none&#8221; ul_text_shadow_color__hover=&#8221;rgba(0,0,0,0.4)&#8221; ul_text_shadow_color__hover_enabled=&#8221;rgba(0,0,0,0.4)&#8221; ol_font_size__hover=&#8221;14px&#8221; ol_font_size__hover_enabled=&#8221;14px&#8221; ol_letter_spacing__hover=&#8221;0px&#8221; ol_letter_spacing__hover_enabled=&#8221;0px&#8221; ol_line_height__hover=&#8221;1em&#8221; ol_line_height__hover_enabled=&#8221;1em&#8221; ol_text_shadow_style__hover=&#8221;none&#8221; ol_text_shadow_style__hover_enabled=&#8221;none&#8221; ol_text_shadow_color__hover=&#8221;rgba(0,0,0,0.4)&#8221; ol_text_shadow_color__hover_enabled=&#8221;rgba(0,0,0,0.4)&#8221; quote_font_size__hover=&#8221;14px&#8221; quote_font_size__hover_enabled=&#8221;14px&#8221; quote_letter_spacing__hover=&#8221;0px&#8221; quote_letter_spacing__hover_enabled=&#8221;0px&#8221; quote_line_height__hover=&#8221;1em&#8221; quote_line_height__hover_enabled=&#8221;1em&#8221; quote_text_shadow_style__hover=&#8221;none&#8221; quote_text_shadow_style__hover_enabled=&#8221;none&#8221; quote_text_shadow_color__hover=&#8221;rgba(0,0,0,0.4)&#8221; quote_text_shadow_color__hover_enabled=&#8221;rgba(0,0,0,0.4)&#8221; background_layout__hover=&#8221;light&#8221; background_layout__hover_enabled=&#8221;light&#8221;]<\/p>\n<h3>Package<\/h3>\n<p>[\/et_pb_text][et_pb_divider color=&#8221;#e8b492&#8243; divider_weight=&#8221;5px&#8221; _builder_version=&#8221;4.18.0&#8243; _module_preset=&#8221;default&#8221; width=&#8221;6%&#8221; custom_margin=&#8221;||-8px|||&#8221; locked=&#8221;off&#8221; global_colors_info=&#8221;{}&#8221;][\/et_pb_divider][et_pb_text _builder_version=&#8221;4.23&#8243; _module_preset=&#8221;b327cbe4-b1d5-4b66-ad37-40c8f2f061ba&#8221; header_2_font=&#8221;Playfair Display|700|||||||&#8221; header_2_text_color=&#8221;#000000&#8243; header_2_font_size=&#8221;50px&#8221; header_2_line_height=&#8221;1.2em&#8221; min_height=&#8221;62px&#8221; header_2_font_size_tablet=&#8221;32px&#8221; header_2_font_size_phone=&#8221;20px&#8221; header_2_font_size_last_edited=&#8221;on|desktop&#8221; global_colors_info=&#8221;{}&#8221;]<\/p>\n<h2><strong>Summer getaway<\/strong><\/h2>\n<p>[\/et_pb_text][et_pb_text _builder_version=&#8221;4.25.2&#8243; _module_preset=&#8221;1f09816e-184e-4ce5-a4cf-b39c52c423ca&#8221; text_font=&#8221;Manrope||||||||&#8221; text_text_color=&#8221;#666666&#8243; text_font_size=&#8221;18px&#8221; text_line_height=&#8221;1.8em&#8221; link_text_color=&#8221;#666666&#8243; text_font_size_tablet=&#8221;15px&#8221; text_font_size_phone=&#8221;14px&#8221; text_font_size_last_edited=&#8221;on|phone&#8221; header_font_size_tablet=&#8221;55px&#8221; header_font_size_last_edited=&#8221;off|desktop&#8221; global_colors_info=&#8221;{}&#8221;]<\/p>\n<p class=\"text-align-left font-scale-6 line-height-scale-4\" data-pm-slice=\"1 1 []\" style=\"text-align: left;\"><strong><span>Get ready for your vacation!  <\/span><\/strong><\/p>\n<p><strong><span>Enjoy an unforgettable summer getaway at the Auberge des Gallant with our exclusive prepaid offer!<br \/>Treat yourself to a relaxing break with our summer getaway package for two at the Auberge des Gallant.<\/span><\/strong><\/p>\n<p>Non-cancellable, non-refundable offer.<\/p>\n<p>[\/et_pb_text][dsm_icon_list _builder_version=&#8221;4.25.2&#8243; _module_preset=&#8221;default&#8221; locked=&#8221;off&#8221; global_colors_info=&#8221;{}&#8221;][dsm_icon_list_child text=&#8221;Two consecutive nights in a King or double Queen room on the 2nd floor&#8221; font_icon=&#8221;&#x4e;||divi||400&#8243; icon_color=&#8221;#E09900&#8243; _builder_version=&#8221;4.25.2&#8243; _module_preset=&#8221;default&#8221; text_font=&#8221;Manrope|700|||||||&#8221; text_text_color=&#8221;#323232&#8243; text_font_size=&#8221;17px&#8221; background_color=&#8221;RGBA(255,255,255,0)&#8221; background_enable_color=&#8221;on&#8221; global_colors_info=&#8221;{}&#8221;][\/dsm_icon_list_child][dsm_icon_list_child text=&#8221;Early check-in and late check-out (subject to availability)&#8221; font_icon=&#8221;&#x4e;||divi||400&#8243; icon_color=&#8221;#E09900&#8243; _builder_version=&#8221;4.25.2&#8243; _module_preset=&#8221;default&#8221; text_font=&#8221;Manrope|700|||||||&#8221; text_text_color=&#8221;#323232&#8243; text_font_size=&#8221;17px&#8221; background_color=&#8221;RGBA(255,255,255,0)&#8221; background_enable_color=&#8221;on&#8221; global_colors_info=&#8221;{}&#8221;][\/dsm_icon_list_child][dsm_icon_list_child text=&#8221;a $25 spa credit per person, to be used during your stay  &#8221; font_icon=&#8221;&#x4e;||divi||400&#8243; icon_color=&#8221;#E09900&#8243; _builder_version=&#8221;4.25.2&#8243; _module_preset=&#8221;default&#8221; text_font=&#8221;Manrope|700|||||||&#8221; text_text_color=&#8221;#323232&#8243; text_font_size=&#8221;17px&#8221; background_color=&#8221;RGBA(255,255,255,0)&#8221; background_enable_color=&#8221;on&#8221; global_colors_info=&#8221;{}&#8221;][\/dsm_icon_list_child][dsm_icon_list_child text=&#8221;Access to 4-season spas and outdoor fireplaces&#8221; font_icon=&#8221;&#x4e;||divi||400&#8243; icon_color=&#8221;#E09900&#8243; _builder_version=&#8221;4.20.4&#8243; _module_preset=&#8221;default&#8221; text_font=&#8221;Manrope|700|||||||&#8221; text_text_color=&#8221;#323232&#8243; text_font_size=&#8221;17px&#8221; background_color=&#8221;RGBA(255,255,255,0)&#8221; background_enable_color=&#8221;on&#8221; global_colors_info=&#8221;{}&#8221;][\/dsm_icon_list_child][dsm_icon_list_child text=&#8221;Access to heated outdoor pool from May to September&#8221; font_icon=&#8221;&#x4e;||divi||400&#8243; icon_color=&#8221;#E09900&#8243; _builder_version=&#8221;4.20.4&#8243; _module_preset=&#8221;default&#8221; text_font=&#8221;Manrope|700|||||||&#8221; text_text_color=&#8221;#323232&#8243; text_font_size=&#8221;17px&#8221; background_color=&#8221;RGBA(255,255,255,0)&#8221; background_enable_color=&#8221;on&#8221; global_colors_info=&#8221;{}&#8221;][\/dsm_icon_list_child][dsm_icon_list_child text=&#8221;Access to the Inn&#039;s gardens and paths  &#8221; font_icon=&#8221;&#x4e;||divi||400&#8243; icon_color=&#8221;#E09900&#8243; _builder_version=&#8221;4.20.4&#8243; _module_preset=&#8221;default&#8221; text_font=&#8221;Manrope|700|||||||&#8221; text_text_color=&#8221;#323232&#8243; text_font_size=&#8221;17px&#8221; background_color=&#8221;RGBA(255,255,255,0)&#8221; background_enable_color=&#8221;on&#8221; global_colors_info=&#8221;{}&#8221;][\/dsm_icon_list_child][dsm_icon_list_child text=&#8221;Access to Escapade trails&#8221; font_icon=&#8221;&#x4e;||divi||400&#8243; icon_color=&#8221;#E09900&#8243; _builder_version=&#8221;4.20.4&#8243; _module_preset=&#8221;default&#8221; text_font=&#8221;Manrope|700|||||||&#8221; text_text_color=&#8221;#323232&#8243; text_font_size=&#8221;17px&#8221; background_color=&#8221;RGBA(255,255,255,0)&#8221; background_enable_color=&#8221;on&#8221; global_colors_info=&#8221;{}&#8221;][\/dsm_icon_list_child][dsm_icon_list_child text=&#8221;Indoor playroom&#8221; font_icon=&#8221;&#x4e;||divi||400&#8243; icon_color=&#8221;#E09900&#8243; _builder_version=&#8221;4.20.4&#8243; _module_preset=&#8221;default&#8221; text_font=&#8221;Manrope|700|||||||&#8221; text_text_color=&#8221;#323232&#8243; text_font_size=&#8221;17px&#8221; background_color=&#8221;RGBA(255,255,255,0)&#8221; background_enable_color=&#8221;on&#8221; global_colors_info=&#8221;{}&#8221;][\/dsm_icon_list_child][dsm_icon_list_child text=&#8221;Free parking&#8221; font_icon=&#8221;&#x4e;||divi||400&#8243; icon_color=&#8221;#E09900&#8243; _builder_version=&#8221;4.20.4&#8243; _module_preset=&#8221;default&#8221; text_font=&#8221;Manrope|700|||||||&#8221; text_text_color=&#8221;#323232&#8243; text_font_size=&#8221;17px&#8221; background_color=&#8221;RGBA(255,255,255,0)&#8221; background_enable_color=&#8221;on&#8221; global_colors_info=&#8221;{}&#8221;][\/dsm_icon_list_child][dsm_icon_list_child text=&#8221;Free Internet access&#8221; font_icon=&#8221;&#x4e;||divi||400&#8243; icon_color=&#8221;#E09900&#8243; _builder_version=&#8221;4.20.4&#8243; _module_preset=&#8221;default&#8221; text_font=&#8221;Manrope|700|||||||&#8221; text_text_color=&#8221;#323232&#8243; text_font_size=&#8221;17px&#8221; background_color=&#8221;RGBA(255,255,255,0)&#8221; background_enable_color=&#8221;on&#8221; global_colors_info=&#8221;{}&#8221;][\/dsm_icon_list_child][\/dsm_icon_list][\/et_pb_column][\/et_pb_row][et_pb_row column_structure=&#8221;3_5,2_5&#8243; _builder_version=&#8221;4.17.6&#8243; _module_preset=&#8221;default&#8221; locked=&#8221;off&#8221; global_colors_info=&#8221;{}&#8221;][et_pb_column type=&#8221;3_5&#8243; _builder_version=&#8221;4.17.6&#8243; _module_preset=&#8221;default&#8221; global_colors_info=&#8221;{}&#8221;][et_pb_image src=&#8221;https:\/\/aubergedesgallant.com\/wp-content\/uploads\/2024\/06\/Forfaits-site-web-1.jpg&#8221; title_text=&#8221;Website packages (1)&#8221; _builder_version=&#8221;4.25.2&#8243; _module_preset=&#8221;default&#8221; custom_margin=&#8221;|-11vw|||false|false&#8221; global_colors_info=&#8221;{}&#8221;][\/et_pb_image][et_pb_text _builder_version=&#8221;4.25.2&#8243; text_font=&#8221;Manrope|700|||||||&#8221; text_text_color=&#8221;#29292d&#8221; text_font_size=&#8221;55px&#8221; text_line_height=&#8221;1.4em&#8221; header_font=&#8221;Poppins||||||||&#8221; header_4_font=&#8221;Poppins||||||||&#8221; header_4_text_color=&#8221;#29292d&#8221; header_5_font=&#8221;Poppins||||||||&#8221; header_5_text_color=&#8221;#29292d&#8221; header_5_font_size=&#8221;14px&#8221; header_5_line_height=&#8221;1.4em&#8221; locked=&#8221;off&#8221; global_colors_info=&#8221;{}&#8221; button_bg_color__hover_enabled=&#8221;on|desktop&#8221; button_bg_color__hover=&#8221;#29292d&#8221;]<\/p>\n<h5>Rates for double occupancy<\/h5>\n<h4><strong>For only<\/strong><\/h4>\n<p><span>389,00$*<\/span><\/p>\n<h4>*Monday to Thursday. 50 extra per night on Fridays and Saturdays.<\/h4>\n<p>[\/et_pb_text][\/et_pb_column][et_pb_column type=&#8221;2_5&#8243; _builder_version=&#8221;4.17.6&#8243; _module_preset=&#8221;default&#8221; custom_padding=&#8221;10%||||false|false&#8221; global_colors_info=&#8221;{}&#8221;][et_pb_image src=&#8221;https:\/\/aubergedesgallant.com\/wp-content\/uploads\/2023\/11\/Lachez-prise-jpg.webp&#8221; title_text=&#8221;Let go&#8221; _builder_version=&#8221;4.23&#8243; _module_preset=&#8221;default&#8221; box_shadow_style=&#8221;preset1&#8243; global_colors_info=&#8221;{}&#8221;][\/et_pb_image][et_pb_button button_url=&#8221;http:\/\/softbooker.reservit.com\/reservit\/reserhotel.php?action=resa=58=14588=3737864=58=2&#8243; button_text=&#8221;Book this offer&#8221; button_alignment=&#8221;center&#8221; _builder_version=&#8221;4.25.2&#8243; _module_preset=&#8221;default&#8221; custom_button=&#8221;on&#8221; button_text_size=&#8221;24px&#8221; button_text_color=&#8221;#FFFFFF&#8221; button_bg_color=&#8221;#29292d&#8221; button_border_width=&#8221;2px&#8221; button_border_color=&#8221;RGBA(255,255,255,0)&#8221; button_border_radius=&#8221;5px&#8221; button_font=&#8221;Manrope||||||||&#8221; custom_margin=&#8221;1px||||false|false&#8221; locked=&#8221;off&#8221; global_colors_info=&#8221;{}&#8221; button_bg_color__hover_enabled=&#8221;on|desktop&#8221; button_bg_color__hover=&#8221;#29292d&#8221;][\/et_pb_button][\/et_pb_column][\/et_pb_row][\/et_pb_section]<\/p>\n","protected":false},"excerpt":{"rendered":"<p>PackageSummer getawayGet ready for your vacation! Enjoy an unforgettable summer getaway at the Auberge des Gallant with our exclusive prepaid offer!Treat yourself to a relaxing break with our summer getaway package for two at the Auberge des Gallant. Non-cancellable, non-refundable offer.<div class=\"et_pb_module dsm_icon_list dsm_icon_list_0\">\n\t\t\t\t\n\t\t\t\t\n\t\t\t\t\n\t\t\t\t\n\t\t\t\t\n\t\t\t\t\n\t\t\t\t<div class=\"et_pb_module_inner\">\n\t\t\t\t\t<ul class=\"dsm_icon_list_items dsm_icon_list_ltr_direction dsm_icon_list_layout_vertical\"><\/ul>\n\t\t\t\t<\/div>\n\t\t\t<\/div><li class=\"dsm_icon_list_child dsm_icon_list_child_0\">\n\t\t\t\t\n\t\t\t\t\n\t\t\t\t\n\t\t\t\t\n\t\t\t\t<span class=\"dsm_icon_list_wrapper\"><span class=\"dsm_icon_list_icon\">P<\/span><\/span><span class=\"dsm_icon_list_text\">&#8221;Two<\/span>\n\t\t\t<\/li><\/p>\n","protected":false},"author":5,"featured_media":0,"parent":0,"menu_order":0,"comment_status":"closed","ping_status":"closed","template":"","meta":{"_et_pb_use_builder":"on","_et_pb_old_content":"","_et_gb_content_width":"","footnotes":""},"yoast_head":"<!-- This site is optimized with the Yoast SEO plugin v22.8 - https:\/\/yoast.com\/wordpress\/plugins\/seo\/ -->\n<title>Summer getaway - Auberge des Gallant<\/title>\n<meta name=\"description\" content=\"Book your vacation! 2-night stay | Hotel | Mont\u00e9r\u00e9gie\" \/>\n<meta name=\"robots\" content=\"index, follow, max-snippet:-1, max-image-preview:large, max-video-preview:-1\" \/>\n<link rel=\"canonical\" href=\"https:\/\/aubergedesgallant.com\/en\/summer-getaway\/\" \/>\n<meta property=\"og:locale\" content=\"en_US\" \/>\n<meta property=\"og:type\" content=\"article\" \/>\n<meta property=\"og:title\" content=\"Summer getaway - Auberge des Gallant\" \/>\n<meta property=\"og:description\" content=\"Book your vacation! 2-night stay | Hotel | Mont\u00e9r\u00e9gie\" \/>\n<meta property=\"og:url\" content=\"https:\/\/aubergedesgallant.com\/en\/summer-getaway\/\" \/>\n<meta property=\"og:site_name\" content=\"Auberge des Gallant\" \/>\n<meta property=\"article:modified_time\" content=\"2024-07-14T01:08:50+00:00\" \/>\n<meta name=\"twitter:card\" content=\"summary_large_image\" \/>\n<meta name=\"twitter:label1\" content=\"Est. reading time\" \/>\n\t<meta name=\"twitter:data1\" content=\"7 minutes\" \/>\n<script type=\"application\/ld+json\" class=\"yoast-schema-graph\">{\"@context\":\"https:\/\/schema.org\",\"@graph\":[{\"@type\":\"WebPage\",\"@id\":\"https:\/\/aubergedesgallant.com\/en\/summer-getaway\/\",\"url\":\"https:\/\/aubergedesgallant.com\/en\/summer-getaway\/\",\"name\":\"Summer getaway - Auberge des Gallant\",\"isPartOf\":{\"@id\":\"https:\/\/aubergedesgallant.com\/en\/#website\"},\"datePublished\":\"2024-07-12T01:00:24+00:00\",\"dateModified\":\"2024-07-14T01:08:50+00:00\",\"description\":\"Book your vacation! 2-night stay | Hotel | Mont\u00e9r\u00e9gie\",\"breadcrumb\":{\"@id\":\"https:\/\/aubergedesgallant.com\/en\/summer-getaway\/#breadcrumb\"},\"inLanguage\":\"en-US\",\"potentialAction\":[{\"@type\":\"ReadAction\",\"target\":[\"https:\/\/aubergedesgallant.com\/en\/summer-getaway\/\"]}]},{\"@type\":\"BreadcrumbList\",\"@id\":\"https:\/\/aubergedesgallant.com\/en\/summer-getaway\/#breadcrumb\",\"itemListElement\":[{\"@type\":\"ListItem\",\"position\":1,\"name\":\"Accueil\",\"item\":\"https:\/\/aubergedesgallant.com\/en\/\"},{\"@type\":\"ListItem\",\"position\":2,\"name\":\"Summer getaway\"}]},{\"@type\":\"WebSite\",\"@id\":\"https:\/\/aubergedesgallant.com\/en\/#website\",\"url\":\"https:\/\/aubergedesgallant.com\/en\/\",\"name\":\"Auberge des Gallant\",\"description\":\"La destination par excellence pour une exp\u00e9rience tout en confort en pleine nature. Nous vous promettons une escapade m\u00e9morable quel que soit la raison de votre s\u00e9jour.\",\"potentialAction\":[{\"@type\":\"SearchAction\",\"target\":{\"@type\":\"EntryPoint\",\"urlTemplate\":\"https:\/\/aubergedesgallant.com\/en\/?s={search_term_string}\"},\"query-input\":\"required name=search_term_string\"}],\"inLanguage\":\"en-US\"}]}<\/script>\n<!-- \/ Yoast SEO plugin. -->","yoast_head_json":{"title":"Summer getaway - Auberge des Gallant","description":"Book your vacation! 2-night stay | Hotel | Mont\u00e9r\u00e9gie","robots":{"index":"index","follow":"follow","max-snippet":"max-snippet:-1","max-image-preview":"max-image-preview:large","max-video-preview":"max-video-preview:-1"},"canonical":"https:\/\/aubergedesgallant.com\/en\/summer-getaway\/","og_locale":"en_US","og_type":"article","og_title":"Summer getaway - Auberge des Gallant","og_description":"Book your vacation! 2-night stay | Hotel | Mont\u00e9r\u00e9gie","og_url":"https:\/\/aubergedesgallant.com\/en\/summer-getaway\/","og_site_name":"Auberge des Gallant","article_modified_time":"2024-07-14T01:08:50+00:00","twitter_card":"summary_large_image","twitter_misc":{"Est. reading time":"7 minutes"},"schema":{"@context":"https:\/\/schema.org","@graph":[{"@type":"WebPage","@id":"https:\/\/aubergedesgallant.com\/en\/summer-getaway\/","url":"https:\/\/aubergedesgallant.com\/en\/summer-getaway\/","name":"Summer getaway - Auberge des Gallant","isPartOf":{"@id":"https:\/\/aubergedesgallant.com\/en\/#website"},"datePublished":"2024-07-12T01:00:24+00:00","dateModified":"2024-07-14T01:08:50+00:00","description":"Book your vacation! 2-night stay | Hotel | Mont\u00e9r\u00e9gie","breadcrumb":{"@id":"https:\/\/aubergedesgallant.com\/en\/summer-getaway\/#breadcrumb"},"inLanguage":"en-US","potentialAction":[{"@type":"ReadAction","target":["https:\/\/aubergedesgallant.com\/en\/summer-getaway\/"]}]},{"@type":"BreadcrumbList","@id":"https:\/\/aubergedesgallant.com\/en\/summer-getaway\/#breadcrumb","itemListElement":[{"@type":"ListItem","position":1,"name":"Accueil","item":"https:\/\/aubergedesgallant.com\/en\/"},{"@type":"ListItem","position":2,"name":"Summer getaway"}]},{"@type":"WebSite","@id":"https:\/\/aubergedesgallant.com\/en\/#website","url":"https:\/\/aubergedesgallant.com\/en\/","name":"Auberge des Gallant","description":"La destination par excellence pour une exp\u00e9rience tout en confort en pleine nature. Nous vous promettons une escapade m\u00e9morable quel que soit la raison de votre s\u00e9jour.","potentialAction":[{"@type":"SearchAction","target":{"@type":"EntryPoint","urlTemplate":"https:\/\/aubergedesgallant.com\/en\/?s={search_term_string}"},"query-input":"required name=search_term_string"}],"inLanguage":"en-US"}]}},"_links":{"self":[{"href":"https:\/\/aubergedesgallant.com\/en\/wp-json\/wp\/v2\/pages\/289613"}],"collection":[{"href":"https:\/\/aubergedesgallant.com\/en\/wp-json\/wp\/v2\/pages"}],"about":[{"href":"https:\/\/aubergedesgallant.com\/en\/wp-json\/wp\/v2\/types\/page"}],"author":[{"embeddable":true,"href":"https:\/\/aubergedesgallant.com\/en\/wp-json\/wp\/v2\/users\/5"}],"replies":[{"embeddable":true,"href":"https:\/\/aubergedesgallant.com\/en\/wp-json\/wp\/v2\/comments?post=289613"}],"version-history":[{"count":6,"href":"https:\/\/aubergedesgallant.com\/en\/wp-json\/wp\/v2\/pages\/289613\/revisions"}],"predecessor-version":[{"id":289627,"href":"https:\/\/aubergedesgallant.com\/en\/wp-json\/wp\/v2\/pages\/289613\/revisions\/289627"}],"wp:attachment":[{"href":"https:\/\/aubergedesgallant.com\/en\/wp-json\/wp\/v2\/media?parent=289613"}],"curies":[{"name":"wp","href":"https:\/\/api.w.org\/{rel}","templated":true}]}}