{"id":3254,"date":"2023-08-03T10:02:56","date_gmt":"2023-08-03T16:02:56","guid":{"rendered":"https:\/\/aubergedesgallant.com\/cycling-package-relaxation-and-country-getaway\/"},"modified":"2023-08-08T15:58:27","modified_gmt":"2023-08-08T21:58:27","slug":"cycling-package-relaxation-and-country-getaway","status":"publish","type":"page","link":"https:\/\/aubergedesgallant.com\/en\/cycling-package-relaxation-and-country-getaway\/","title":{"rendered":"Cycling Package &#8211; Relaxation and Country Getaway"},"content":{"rendered":"<p>[et_pb_section fb_built=&#8221;1&#8243; disabled_on=&#8221;off|off|off&#8221; admin_label=&#8221;Rooms&#8221; _builder_version=&#8221;4.20.4&#8243; _module_preset=&#8221;default&#8221; background_color=&#8221;#EBE4DD&#8221; min_height=&#8221;1220.8px&#8221; custom_margin=&#8221;||-14px|||&#8221; locked=&#8221;off&#8221; global_colors_info=&#8221;{}&#8221;][et_pb_row _builder_version=&#8221;4.18.0&#8243; _module_preset=&#8221;default&#8221; global_colors_info=&#8221;{}&#8221;][et_pb_column type=&#8221;4_4&#8243; _builder_version=&#8221;4.17.6&#8243; _module_preset=&#8221;default&#8221; global_colors_info=&#8221;{}&#8221;][et_pb_text _builder_version=&#8221;4.18.0&#8243; text_font=&#8221;||||||||&#8221; header_font=&#8221;||||||||&#8221; header_3_font=&#8221;Manrope|700||on|||||&#8221; header_3_text_color=&#8221;#323232&#8243; header_3_font_size=&#8221;14px&#8221; header_3_letter_spacing=&#8221;2px&#8221; header_3_line_height=&#8221;1.3em&#8221; background_size=&#8221;initial&#8221; background_position=&#8221;top_left&#8221; background_repeat=&#8221;repeat&#8221; module_alignment=&#8221;center&#8221; custom_margin=&#8221;||-3px|||&#8221; custom_padding=&#8221;|||&#8221; animation_style=&#8221;slide&#8221; animation_direction=&#8221;bottom&#8221; saved_tabs=&#8221;all&#8221; locked=&#8221;off&#8221; global_colors_info=&#8221;{}&#8221; text_letter_spacing__hover=&#8221;0px&#8221; text_letter_spacing__hover_enabled=&#8221;0px&#8221; text_line_height__hover=&#8221;1.7em&#8221; text_line_height__hover_enabled=&#8221;1.7em&#8221; text_orientation__hover=&#8221;left&#8221; text_orientation__hover_enabled=&#8221;left&#8221; text_font_size__hover=&#8221;14px&#8221; text_font_size__hover_enabled=&#8221;14px&#8221; text_text_shadow_style__hover=&#8221;none&#8221; text_text_shadow_style__hover_enabled=&#8221;none&#8221; text_text_shadow_color__hover=&#8221;rgba(0,0,0,0.4)&#8221; text_text_shadow_color__hover_enabled=&#8221;rgba(0,0,0,0.4)&#8221; link_font_size__hover=&#8221;14px&#8221; link_font_size__hover_enabled=&#8221;14px&#8221; link_letter_spacing__hover=&#8221;0px&#8221; link_letter_spacing__hover_enabled=&#8221;0px&#8221; link_line_height__hover=&#8221;1em&#8221; link_line_height__hover_enabled=&#8221;1em&#8221; link_text_shadow_style__hover=&#8221;none&#8221; link_text_shadow_style__hover_enabled=&#8221;none&#8221; link_text_shadow_color__hover=&#8221;rgba(0,0,0,0.4)&#8221; link_text_shadow_color__hover_enabled=&#8221;rgba(0,0,0,0.4)&#8221; ul_font_size__hover=&#8221;14px&#8221; ul_font_size__hover_enabled=&#8221;14px&#8221; ul_letter_spacing__hover=&#8221;0px&#8221; ul_letter_spacing__hover_enabled=&#8221;0px&#8221; ul_line_height__hover=&#8221;1em&#8221; ul_line_height__hover_enabled=&#8221;1em&#8221; ul_text_shadow_style__hover=&#8221;none&#8221; ul_text_shadow_style__hover_enabled=&#8221;none&#8221; ul_text_shadow_color__hover=&#8221;rgba(0,0,0,0.4)&#8221; ul_text_shadow_color__hover_enabled=&#8221;rgba(0,0,0,0.4)&#8221; ol_font_size__hover=&#8221;14px&#8221; ol_font_size__hover_enabled=&#8221;14px&#8221; ol_letter_spacing__hover=&#8221;0px&#8221; ol_letter_spacing__hover_enabled=&#8221;0px&#8221; ol_line_height__hover=&#8221;1em&#8221; ol_line_height__hover_enabled=&#8221;1em&#8221; ol_text_shadow_style__hover=&#8221;none&#8221; ol_text_shadow_style__hover_enabled=&#8221;none&#8221; ol_text_shadow_color__hover=&#8221;rgba(0,0,0,0.4)&#8221; ol_text_shadow_color__hover_enabled=&#8221;rgba(0,0,0,0.4)&#8221; quote_font_size__hover=&#8221;14px&#8221; quote_font_size__hover_enabled=&#8221;14px&#8221; quote_letter_spacing__hover=&#8221;0px&#8221; quote_letter_spacing__hover_enabled=&#8221;0px&#8221; quote_line_height__hover=&#8221;1em&#8221; quote_line_height__hover_enabled=&#8221;1em&#8221; quote_text_shadow_style__hover=&#8221;none&#8221; quote_text_shadow_style__hover_enabled=&#8221;none&#8221; quote_text_shadow_color__hover=&#8221;rgba(0,0,0,0.4)&#8221; quote_text_shadow_color__hover_enabled=&#8221;rgba(0,0,0,0.4)&#8221; background_layout__hover=&#8221;light&#8221; background_layout__hover_enabled=&#8221;light&#8221;]<\/p>\n<h3>Package<\/h3>\n<p>[\/et_pb_text][et_pb_divider color=&#8221;#e8b492&#8243; divider_weight=&#8221;5px&#8221; _builder_version=&#8221;4.18.0&#8243; _module_preset=&#8221;default&#8221; width=&#8221;6%&#8221; custom_margin=&#8221;||-8px|||&#8221; locked=&#8221;off&#8221; global_colors_info=&#8221;{}&#8221;][\/et_pb_divider][et_pb_text _builder_version=&#8221;4.20.4&#8243; _module_preset=&#8221;b327cbe4-b1d5-4b66-ad37-40c8f2f061ba&#8221; header_2_font=&#8221;Playfair Display|700|||||||&#8221; header_2_text_color=&#8221;#000000&#8243; header_2_font_size=&#8221;50px&#8221; header_2_line_height=&#8221;1.2em&#8221; hover_enabled=&#8221;0&#8243; header_2_font_size_tablet=&#8221;32px&#8221; header_2_font_size_phone=&#8221;20px&#8221; header_2_font_size_last_edited=&#8221;on|desktop&#8221; global_colors_info=&#8221;{}&#8221; sticky_enabled=&#8221;0&#8243;]<\/p>\n<h2><span>Country Get-Away &amp; Relaxation Package<\/span><\/h2>\n<p>[\/et_pb_text][et_pb_text _builder_version=&#8221;4.20.4&#8243; _module_preset=&#8221;1f09816e-184e-4ce5-a4cf-b39c52c423ca&#8221; text_font=&#8221;Manrope||||||||&#8221; text_text_color=&#8221;#666666&#8243; text_font_size=&#8221;18px&#8221; text_line_height=&#8221;1.8em&#8221; link_text_color=&#8221;#666666&#8243; text_font_size_tablet=&#8221;15px&#8221; text_font_size_phone=&#8221;14px&#8221; text_font_size_last_edited=&#8221;on|phone&#8221; header_font_size_tablet=&#8221;55px&#8221; header_font_size_last_edited=&#8221;off|desktop&#8221; global_colors_info=&#8221;{}&#8221;]<\/p>\n<p><strong>Explore western Mont\u00e9r\u00e9gie by bike!<\/strong><br \/>Travel the roads along the St-Lawrence River, Lake Saint-Louis, the Ottawa River and cross the hills of Mont-Rigaud. Browse the beautiful bike paths along the Soulanges and Beauharnois canals to contemplate the bucolic landscapes.<\/p>\n<p>[\/et_pb_text][et_pb_text _builder_version=&#8221;4.20.4&#8243; _module_preset=&#8221;default&#8221; global_colors_info=&#8221;{}&#8221;]<\/p>\n<h3><span style=\"font-weight: 400;\"><strong>Included in this package:<\/strong><\/span><span style=\"font-weight: 400;\"><br \/><\/span><\/h3>\n<p>[\/et_pb_text][dsm_icon_list _builder_version=&#8221;4.20.4&#8243; _module_preset=&#8221;default&#8221; hover_enabled=&#8221;0&#8243; locked=&#8221;off&#8221; global_colors_info=&#8221;{}&#8221; sticky_enabled=&#8221;0&#8243;][dsm_icon_list_child text=&#8221;2 nights (one in each accommodation) for 2 people in double occupancy&#8221; font_icon=&#8221;&#x4e;||divi||400&#8243; icon_color=&#8221;#E09900&#8243; _builder_version=&#8221;4.20.4&#8243; _module_preset=&#8221;default&#8221; text_font=&#8221;Manrope|700|||||||&#8221; text_text_color=&#8221;#323232&#8243; text_font_size=&#8221;17px&#8221; background_color=&#8221;RGBA(255,255,255,0)&#8221; background_enable_color=&#8221;on&#8221; hover_enabled=&#8221;0&#8243; global_colors_info=&#8221;{}&#8221; sticky_enabled=&#8221;0&#8243;][\/dsm_icon_list_child][dsm_icon_list_child text=&#8221;*One night at Auberge des Gallant in Ste-Marthe (Not available on Saturdays)&#8221; font_icon=&#8221;&#x4e;||divi||400&#8243; icon_color=&#8221;#E09900&#8243; _builder_version=&#8221;4.20.4&#8243; _module_preset=&#8221;default&#8221; text_font=&#8221;Manrope|700|||||||&#8221; text_text_color=&#8221;#323232&#8243; text_font_size=&#8221;17px&#8221; background_color=&#8221;RGBA(255,255,255,0)&#8221; background_enable_color=&#8221;on&#8221; hover_enabled=&#8221;0&#8243; global_colors_info=&#8221;{}&#8221; sticky_enabled=&#8221;0&#8243;][\/dsm_icon_list_child][dsm_icon_list_child text=&#8221;*One night at Manoir D\u2019Youville in Chateauguay&#8221; font_icon=&#8221;&#x4e;||divi||400&#8243; icon_color=&#8221;#E09900&#8243; _builder_version=&#8221;4.20.4&#8243; _module_preset=&#8221;default&#8221; text_font=&#8221;Manrope|700|||||||&#8221; text_text_color=&#8221;#323232&#8243; text_font_size=&#8221;17px&#8221; background_color=&#8221;RGBA(255,255,255,0)&#8221; background_enable_color=&#8221;on&#8221; hover_enabled=&#8221;0&#8243; global_colors_info=&#8221;{}&#8221; sticky_enabled=&#8221;0&#8243;][\/dsm_icon_list_child][dsm_icon_list_child text=&#8221;Full breakfast for 2 people (gratuity included)&#8221; font_icon=&#8221;&#x4e;||divi||400&#8243; icon_color=&#8221;#E09900&#8243; _builder_version=&#8221;4.20.4&#8243; _module_preset=&#8221;default&#8221; text_font=&#8221;Manrope|700|||||||&#8221; text_text_color=&#8221;#323232&#8243; text_font_size=&#8221;17px&#8221; background_color=&#8221;RGBA(255,255,255,0)&#8221; background_enable_color=&#8221;on&#8221; hover_enabled=&#8221;0&#8243; global_colors_info=&#8221;{}&#8221; sticky_enabled=&#8221;0&#8243;][\/dsm_icon_list_child][dsm_icon_list_child text=&#8221;A $50 Hello Card to be used in a variety of commercial and tourist locations in Vaudreuil-Soulanges&#8221; font_icon=&#8221;&#x4e;||divi||400&#8243; icon_color=&#8221;#E09900&#8243; _builder_version=&#8221;4.20.4&#8243; _module_preset=&#8221;default&#8221; text_font=&#8221;Manrope|700|||||||&#8221; text_text_color=&#8221;#323232&#8243; text_font_size=&#8221;17px&#8221; background_color=&#8221;RGBA(255,255,255,0)&#8221; background_enable_color=&#8221;on&#8221; hover_enabled=&#8221;0&#8243; global_colors_info=&#8221;{}&#8221; sticky_enabled=&#8221;0&#8243;][\/dsm_icon_list_child][dsm_icon_list_child text=&#8221;Access to the outdoors spas and fire pit available year round ( ADG)&#8221; font_icon=&#8221;&#x4e;||divi||400&#8243; icon_color=&#8221;#E09900&#8243; _builder_version=&#8221;4.20.4&#8243; _module_preset=&#8221;default&#8221; text_font=&#8221;Manrope|700|||||||&#8221; text_text_color=&#8221;#323232&#8243; text_font_size=&#8221;17px&#8221; background_color=&#8221;RGBA(255,255,255,0)&#8221; background_enable_color=&#8221;on&#8221; hover_enabled=&#8221;0&#8243; global_colors_info=&#8221;{}&#8221; sticky_enabled=&#8221;0&#8243;][\/dsm_icon_list_child][dsm_icon_list_child text=&#8221;Access to the outdoor seasonal heated pool form May to September ( ADG)&#8221; font_icon=&#8221;&#x4e;||divi||400&#8243; icon_color=&#8221;#E09900&#8243; _builder_version=&#8221;4.20.4&#8243; _module_preset=&#8221;default&#8221; text_font=&#8221;Manrope|700|||||||&#8221; text_text_color=&#8221;#323232&#8243; text_font_size=&#8221;17px&#8221; background_color=&#8221;RGBA(255,255,255,0)&#8221; background_enable_color=&#8221;on&#8221; hover_enabled=&#8221;0&#8243; global_colors_info=&#8221;{}&#8221; sticky_enabled=&#8221;0&#8243;][\/dsm_icon_list_child][dsm_icon_list_child text=&#8221;Access to the gardens and walking trails (ADG)&#8221; font_icon=&#8221;&#x4e;||divi||400&#8243; icon_color=&#8221;#E09900&#8243; _builder_version=&#8221;4.20.4&#8243; _module_preset=&#8221;default&#8221; text_font=&#8221;Manrope|700|||||||&#8221; text_text_color=&#8221;#323232&#8243; text_font_size=&#8221;17px&#8221; background_color=&#8221;RGBA(255,255,255,0)&#8221; background_enable_color=&#8221;on&#8221; hover_enabled=&#8221;0&#8243; global_colors_info=&#8221;{}&#8221; sticky_enabled=&#8221;0&#8243;][\/dsm_icon_list_child][dsm_icon_list_child text=&#8221;Indoor game room (ADG)&#8221; font_icon=&#8221;&#x4e;||divi||400&#8243; icon_color=&#8221;#E09900&#8243; _builder_version=&#8221;4.20.4&#8243; _module_preset=&#8221;default&#8221; text_font=&#8221;Manrope|700|||||||&#8221; text_text_color=&#8221;#323232&#8243; text_font_size=&#8221;17px&#8221; background_color=&#8221;RGBA(255,255,255,0)&#8221; background_enable_color=&#8221;on&#8221; hover_enabled=&#8221;0&#8243; global_colors_info=&#8221;{}&#8221; sticky_enabled=&#8221;0&#8243;][\/dsm_icon_list_child][dsm_icon_list_child text=&#8221;Free WIFI and parking (ADG)&#8221; font_icon=&#8221;&#x4e;||divi||400&#8243; icon_color=&#8221;#E09900&#8243; _builder_version=&#8221;4.20.4&#8243; _module_preset=&#8221;default&#8221; text_font=&#8221;Manrope|700|||||||&#8221; text_text_color=&#8221;#323232&#8243; text_font_size=&#8221;17px&#8221; background_color=&#8221;RGBA(255,255,255,0)&#8221; background_enable_color=&#8221;on&#8221; hover_enabled=&#8221;0&#8243; global_colors_info=&#8221;{}&#8221; sticky_enabled=&#8221;0&#8243;][\/dsm_icon_list_child][\/dsm_icon_list][\/et_pb_column][\/et_pb_row][et_pb_row column_structure=&#8221;3_5,2_5&#8243; _builder_version=&#8221;4.17.6&#8243; _module_preset=&#8221;default&#8221; locked=&#8221;off&#8221; global_colors_info=&#8221;{}&#8221;][et_pb_column type=&#8221;3_5&#8243; _builder_version=&#8221;4.17.6&#8243; _module_preset=&#8221;default&#8221; global_colors_info=&#8221;{}&#8221;][et_pb_image src=&#8221;https:\/\/aubergedesgallant.com\/wp-content\/uploads\/2023\/08\/Forfaits-site-web.jpg&#8221; title_text=&#8221;Relaxing country cycling getaway&#8221; _builder_version=&#8221;4.20.4&#8243; _module_preset=&#8221;default&#8221; custom_margin=&#8221;|-11vw|||false|false&#8221; global_colors_info=&#8221;{}&#8221;][\/et_pb_image][et_pb_text _builder_version=&#8221;4.20.4&#8243; text_font=&#8221;Manrope|700|||||||&#8221; text_text_color=&#8221;#29292d&#8221; text_font_size=&#8221;55px&#8221; text_line_height=&#8221;1.4em&#8221; header_font=&#8221;Poppins||||||||&#8221; header_4_font=&#8221;Poppins||||||||&#8221; header_4_text_color=&#8221;#29292d&#8221; header_5_font=&#8221;Poppins||||||||&#8221; header_5_text_color=&#8221;#29292d&#8221; header_5_font_size=&#8221;14px&#8221; header_5_line_height=&#8221;1.4em&#8221; locked=&#8221;off&#8221; global_colors_info=&#8221;{}&#8221; button_bg_color__hover_enabled=&#8221;on|desktop&#8221; button_bg_color__hover=&#8221;#29292d&#8221;]<\/p>\n<h5>Double occupancy<\/h5>\n<h4><strong>Only<\/strong><\/h4>\n<p><span>386,00$<\/span><\/p>\n<p>[\/et_pb_text][\/et_pb_column][et_pb_column type=&#8221;2_5&#8243; _builder_version=&#8221;4.17.6&#8243; _module_preset=&#8221;default&#8221; custom_padding=&#8221;10%||||false|false&#8221; global_colors_info=&#8221;{}&#8221;][et_pb_image src=&#8221;https:\/\/aubergedesgallant.com\/wp-content\/uploads\/2023\/05\/Forfait-songe-ete.png&#8221; title_text=&#8221;Summer lie-in package&#8221; _builder_version=&#8221;4.20.4&#8243; _module_preset=&#8221;default&#8221; box_shadow_style=&#8221;preset1&#8243; global_colors_info=&#8221;{}&#8221;][\/et_pb_image][et_pb_button button_text=&#8221;Book this package by phone 450-692-8291&#8243; button_alignment=&#8221;center&#8221; _builder_version=&#8221;4.20.4&#8243; _module_preset=&#8221;default&#8221; custom_button=&#8221;on&#8221; button_text_size=&#8221;24px&#8221; button_text_color=&#8221;#FFFFFF&#8221; button_bg_color=&#8221;#29292d&#8221; button_border_width=&#8221;2px&#8221; button_border_color=&#8221;RGBA(255,255,255,0)&#8221; button_border_radius=&#8221;5px&#8221; button_font=&#8221;Manrope||||||||&#8221; custom_margin=&#8221;1px||||false|false&#8221; locked=&#8221;off&#8221; global_colors_info=&#8221;{}&#8221; button_bg_color__hover_enabled=&#8221;on|desktop&#8221; button_bg_color__hover=&#8221;#29292d&#8221;][\/et_pb_button][et_pb_text _builder_version=&#8221;4.20.4&#8243; _module_preset=&#8221;default&#8221; global_colors_info=&#8221;{}&#8221;]<\/p>\n<p>*Overnight stay at Auberge des Gallant not available on Saturdays<br \/>*35 supplement for a room on the garden level<\/p>\n<p>[\/et_pb_text][\/et_pb_column][\/et_pb_row][\/et_pb_section]<\/p>\n","protected":false},"excerpt":{"rendered":"<p>PackageCountry Get-Away &amp; Relaxation PackageExplore western Mont\u00e9r\u00e9gie by bike!Travel the roads along the St-Lawrence River, Lake Saint-Louis, the Ottawa River and cross the hills of Mont-Rigaud. Browse the beautiful bike paths along the Soulanges and Beauharnois canals to contemplate the bucolic landscapes.Included in this package:<div class=\"et_pb_module dsm_icon_list dsm_icon_list_0\">\n\t\t\t\t\n\t\t\t\t\n\t\t\t\t\n\t\t\t\t\n\t\t\t\t\n\t\t\t\t\n\t\t\t\t<div class=\"et_pb_module_inner\">\n\t\t\t\t\t<ul class=\"dsm_icon_list_items dsm_icon_list_ltr_direction dsm_icon_list_layout_vertical\"><\/ul>\n\t\t\t\t<\/div>\n\t\t\t<\/div><li class=\"dsm_icon_list_child dsm_icon_list_child_0\">\n\t\t\t\t\n\t\t\t\t\n\t\t\t\t\n\t\t\t\t\n\t\t\t\t<span class=\"dsm_icon_list_wrapper\"><span class=\"dsm_icon_list_icon\">P<\/span><\/span><span class=\"dsm_icon_list_text\">&#8221;2<\/span>\n\t\t\t<\/li><\/p>\n","protected":false},"author":5,"featured_media":0,"parent":0,"menu_order":0,"comment_status":"closed","ping_status":"closed","template":"","meta":{"_et_pb_use_builder":"on","_et_pb_old_content":"","_et_gb_content_width":"","footnotes":""},"yoast_head":"<!-- This site is optimized with the Yoast SEO plugin v22.8 - https:\/\/yoast.com\/wordpress\/plugins\/seo\/ -->\n<title>Cycling Package - Relaxation and Country Getaway - Auberge des Gallant<\/title>\n<meta name=\"robots\" content=\"index, follow, max-snippet:-1, max-image-preview:large, max-video-preview:-1\" \/>\n<link rel=\"canonical\" href=\"https:\/\/aubergedesgallant.com\/en\/cycling-package-relaxation-and-country-getaway\/\" \/>\n<meta property=\"og:locale\" content=\"en_US\" \/>\n<meta property=\"og:type\" content=\"article\" \/>\n<meta property=\"og:title\" content=\"Cycling Package - Relaxation and Country Getaway - Auberge des Gallant\" \/>\n<meta property=\"og:description\" content=\"PackageCountry Get-Away &amp; Relaxation PackageExplore western Mont\u00e9r\u00e9gie by bike!Travel the roads along the St-Lawrence River, Lake Saint-Louis, the Ottawa River and cross the hills of Mont-Rigaud. Browse the beautiful bike paths along the Soulanges and Beauharnois canals to contemplate the bucolic landscapes.Included in this package:\" \/>\n<meta property=\"og:url\" content=\"https:\/\/aubergedesgallant.com\/en\/cycling-package-relaxation-and-country-getaway\/\" \/>\n<meta property=\"og:site_name\" content=\"Auberge des Gallant\" \/>\n<meta property=\"article:modified_time\" content=\"2023-08-08T21:58:27+00:00\" \/>\n<meta name=\"twitter:card\" content=\"summary_large_image\" \/>\n<meta name=\"twitter:label1\" content=\"Est. reading time\" \/>\n\t<meta name=\"twitter:data1\" content=\"8 minutes\" \/>\n<script type=\"application\/ld+json\" class=\"yoast-schema-graph\">{\"@context\":\"https:\/\/schema.org\",\"@graph\":[{\"@type\":\"WebPage\",\"@id\":\"https:\/\/aubergedesgallant.com\/en\/cycling-package-relaxation-and-country-getaway\/\",\"url\":\"https:\/\/aubergedesgallant.com\/en\/cycling-package-relaxation-and-country-getaway\/\",\"name\":\"Cycling Package - Relaxation and Country Getaway - Auberge des Gallant\",\"isPartOf\":{\"@id\":\"https:\/\/aubergedesgallant.com\/en\/#website\"},\"datePublished\":\"2023-08-03T16:02:56+00:00\",\"dateModified\":\"2023-08-08T21:58:27+00:00\",\"breadcrumb\":{\"@id\":\"https:\/\/aubergedesgallant.com\/en\/cycling-package-relaxation-and-country-getaway\/#breadcrumb\"},\"inLanguage\":\"en-US\",\"potentialAction\":[{\"@type\":\"ReadAction\",\"target\":[\"https:\/\/aubergedesgallant.com\/en\/cycling-package-relaxation-and-country-getaway\/\"]}]},{\"@type\":\"BreadcrumbList\",\"@id\":\"https:\/\/aubergedesgallant.com\/en\/cycling-package-relaxation-and-country-getaway\/#breadcrumb\",\"itemListElement\":[{\"@type\":\"ListItem\",\"position\":1,\"name\":\"Accueil\",\"item\":\"https:\/\/aubergedesgallant.com\/en\/\"},{\"@type\":\"ListItem\",\"position\":2,\"name\":\"Cycling Package &#8211; Relaxation and Country Getaway\"}]},{\"@type\":\"WebSite\",\"@id\":\"https:\/\/aubergedesgallant.com\/en\/#website\",\"url\":\"https:\/\/aubergedesgallant.com\/en\/\",\"name\":\"Auberge des Gallant\",\"description\":\"La destination par excellence pour une exp\u00e9rience tout en confort en pleine nature. Nous vous promettons une escapade m\u00e9morable quel que soit la raison de votre s\u00e9jour.\",\"potentialAction\":[{\"@type\":\"SearchAction\",\"target\":{\"@type\":\"EntryPoint\",\"urlTemplate\":\"https:\/\/aubergedesgallant.com\/en\/?s={search_term_string}\"},\"query-input\":\"required name=search_term_string\"}],\"inLanguage\":\"en-US\"}]}<\/script>\n<!-- \/ Yoast SEO plugin. -->","yoast_head_json":{"title":"Cycling Package - Relaxation and Country Getaway - Auberge des Gallant","robots":{"index":"index","follow":"follow","max-snippet":"max-snippet:-1","max-image-preview":"max-image-preview:large","max-video-preview":"max-video-preview:-1"},"canonical":"https:\/\/aubergedesgallant.com\/en\/cycling-package-relaxation-and-country-getaway\/","og_locale":"en_US","og_type":"article","og_title":"Cycling Package - Relaxation and Country Getaway - Auberge des Gallant","og_description":"PackageCountry Get-Away &amp; Relaxation PackageExplore western Mont\u00e9r\u00e9gie by bike!Travel the roads along the St-Lawrence River, Lake Saint-Louis, the Ottawa River and cross the hills of Mont-Rigaud. Browse the beautiful bike paths along the Soulanges and Beauharnois canals to contemplate the bucolic landscapes.Included in this package:","og_url":"https:\/\/aubergedesgallant.com\/en\/cycling-package-relaxation-and-country-getaway\/","og_site_name":"Auberge des Gallant","article_modified_time":"2023-08-08T21:58:27+00:00","twitter_card":"summary_large_image","twitter_misc":{"Est. reading time":"8 minutes"},"schema":{"@context":"https:\/\/schema.org","@graph":[{"@type":"WebPage","@id":"https:\/\/aubergedesgallant.com\/en\/cycling-package-relaxation-and-country-getaway\/","url":"https:\/\/aubergedesgallant.com\/en\/cycling-package-relaxation-and-country-getaway\/","name":"Cycling Package - Relaxation and Country Getaway - Auberge des Gallant","isPartOf":{"@id":"https:\/\/aubergedesgallant.com\/en\/#website"},"datePublished":"2023-08-03T16:02:56+00:00","dateModified":"2023-08-08T21:58:27+00:00","breadcrumb":{"@id":"https:\/\/aubergedesgallant.com\/en\/cycling-package-relaxation-and-country-getaway\/#breadcrumb"},"inLanguage":"en-US","potentialAction":[{"@type":"ReadAction","target":["https:\/\/aubergedesgallant.com\/en\/cycling-package-relaxation-and-country-getaway\/"]}]},{"@type":"BreadcrumbList","@id":"https:\/\/aubergedesgallant.com\/en\/cycling-package-relaxation-and-country-getaway\/#breadcrumb","itemListElement":[{"@type":"ListItem","position":1,"name":"Accueil","item":"https:\/\/aubergedesgallant.com\/en\/"},{"@type":"ListItem","position":2,"name":"Cycling Package &#8211; Relaxation and Country Getaway"}]},{"@type":"WebSite","@id":"https:\/\/aubergedesgallant.com\/en\/#website","url":"https:\/\/aubergedesgallant.com\/en\/","name":"Auberge des Gallant","description":"La destination par excellence pour une exp\u00e9rience tout en confort en pleine nature. Nous vous promettons une escapade m\u00e9morable quel que soit la raison de votre s\u00e9jour.","potentialAction":[{"@type":"SearchAction","target":{"@type":"EntryPoint","urlTemplate":"https:\/\/aubergedesgallant.com\/en\/?s={search_term_string}"},"query-input":"required name=search_term_string"}],"inLanguage":"en-US"}]}},"_links":{"self":[{"href":"https:\/\/aubergedesgallant.com\/en\/wp-json\/wp\/v2\/pages\/3254"}],"collection":[{"href":"https:\/\/aubergedesgallant.com\/en\/wp-json\/wp\/v2\/pages"}],"about":[{"href":"https:\/\/aubergedesgallant.com\/en\/wp-json\/wp\/v2\/types\/page"}],"author":[{"embeddable":true,"href":"https:\/\/aubergedesgallant.com\/en\/wp-json\/wp\/v2\/users\/5"}],"replies":[{"embeddable":true,"href":"https:\/\/aubergedesgallant.com\/en\/wp-json\/wp\/v2\/comments?post=3254"}],"version-history":[{"count":3,"href":"https:\/\/aubergedesgallant.com\/en\/wp-json\/wp\/v2\/pages\/3254\/revisions"}],"predecessor-version":[{"id":3279,"href":"https:\/\/aubergedesgallant.com\/en\/wp-json\/wp\/v2\/pages\/3254\/revisions\/3279"}],"wp:attachment":[{"href":"https:\/\/aubergedesgallant.com\/en\/wp-json\/wp\/v2\/media?parent=3254"}],"curies":[{"name":"wp","href":"https:\/\/api.w.org\/{rel}","templated":true}]}}